{"id":8181,"date":"2026-02-12T11:39:16","date_gmt":"2026-02-12T10:39:16","guid":{"rendered":"https:\/\/www.prof-wuester.de\/nutzungsbedingungen\/"},"modified":"2026-02-28T09:30:52","modified_gmt":"2026-02-28T08:30:52","slug":"terms-of-use","status":"publish","type":"page","link":"https:\/\/www.prof-wuester.de\/en\/terms-of-use\/","title":{"rendered":"Terms of Use"},"content":{"rendered":"","protected":false},"excerpt":{"rendered":"","protected":false},"author":2,"featured_media":8132,"parent":0,"menu_order":32,"comment_status":"closed","ping_status":"closed","template":"","meta":{"_acf_changed":false,"footnotes":""},"class_list":["post-8181","page","type-page","status-publish","has-post-thumbnail","hentry"],"acf":[],"yoast_head":"<!-- This site is optimized with the Yoast SEO plugin v27.1.1 - https:\/\/yoast.com\/product\/yoast-seo-wordpress\/ -->\n<title>Terms of Use - Endokrinologie Prof. W\u00fcster, MVZ Mainz<\/title>\n<meta name=\"description\" content=\"Nutzungsbedingungen Website: Endokrinologie Prof. W\u00fcster, Wallstra\u00dfe 3-7, 55122 Mainz. Tel.: 06131 - 588480, Email: info@prof-wuester.de\" \/>\n<meta name=\"robots\" content=\"index, follow, max-snippet:-1, max-image-preview:large, max-video-preview:-1\" \/>\n<link rel=\"canonical\" href=\"https:\/\/www.prof-wuester.de\/en\/terms-of-use\/\" \/>\n<meta property=\"og:locale\" content=\"en_US\" \/>\n<meta property=\"og:type\" content=\"article\" \/>\n<meta property=\"og:title\" content=\"Terms of Use - Endokrinologie Prof. W\u00fcster, MVZ Mainz\" \/>\n<meta property=\"og:description\" content=\"Nutzungsbedingungen Website: Endokrinologie Prof. W\u00fcster, Wallstra\u00dfe 3-7, 55122 Mainz. Tel.: 06131 - 588480, Email: info@prof-wuester.de\" \/>\n<meta property=\"og:url\" content=\"https:\/\/www.prof-wuester.de\/en\/terms-of-use\/\" \/>\n<meta property=\"og:site_name\" content=\"Endokrinologe f\u00fcr Mainz und Wiesbaden in der Rhein-Main Region - Praxis f\u00fcr Endokrinologie in Mainz \/ Rhein-Main\" \/>\n<meta property=\"article:modified_time\" content=\"2026-02-28T08:30:52+00:00\" \/>\n<meta property=\"og:image\" content=\"https:\/\/www.prof-wuester.de\/wp-content\/uploads\/2026\/02\/Prof-Wuester-MVZ-Mainz.webp\" \/>\n\t<meta property=\"og:image:width\" content=\"1491\" \/>\n\t<meta property=\"og:image:height\" content=\"586\" \/>\n\t<meta property=\"og:image:type\" content=\"image\/webp\" \/>\n<meta name=\"twitter:card\" content=\"summary_large_image\" \/>\n<meta name=\"twitter:label1\" content=\"Est. reading time\" \/>\n\t<meta name=\"twitter:data1\" content=\"4 minutes\" \/>\n<script type=\"application\/ld+json\" class=\"yoast-schema-graph\">{\"@context\":\"https:\/\/schema.org\",\"@graph\":[{\"@type\":\"WebPage\",\"@id\":\"https:\/\/www.prof-wuester.de\/en\/terms-of-use\/\",\"url\":\"https:\/\/www.prof-wuester.de\/en\/terms-of-use\/\",\"name\":\"Terms of Use - Endokrinologie Prof. W\u00fcster, MVZ Mainz\",\"isPartOf\":{\"@id\":\"https:\/\/www.prof-wuester.de\/en\/#website\"},\"primaryImageOfPage\":{\"@id\":\"https:\/\/www.prof-wuester.de\/en\/terms-of-use\/#primaryimage\"},\"image\":{\"@id\":\"https:\/\/www.prof-wuester.de\/en\/terms-of-use\/#primaryimage\"},\"thumbnailUrl\":\"https:\/\/www.prof-wuester.de\/wp-content\/uploads\/2026\/02\/Prof-Wuester-MVZ-Mainz.webp\",\"datePublished\":\"2026-02-12T10:39:16+00:00\",\"dateModified\":\"2026-02-28T08:30:52+00:00\",\"description\":\"Nutzungsbedingungen Website: Endokrinologie Prof. W\u00fcster, Wallstra\u00dfe 3-7, 55122 Mainz. Tel.: 06131 - 588480, Email: info@prof-wuester.de\",\"breadcrumb\":{\"@id\":\"https:\/\/www.prof-wuester.de\/en\/terms-of-use\/#breadcrumb\"},\"inLanguage\":\"en-US\",\"potentialAction\":[{\"@type\":\"ReadAction\",\"target\":[\"https:\/\/www.prof-wuester.de\/en\/terms-of-use\/\"]}]},{\"@type\":\"ImageObject\",\"inLanguage\":\"en-US\",\"@id\":\"https:\/\/www.prof-wuester.de\/en\/terms-of-use\/#primaryimage\",\"url\":\"https:\/\/www.prof-wuester.de\/wp-content\/uploads\/2026\/02\/Prof-Wuester-MVZ-Mainz.webp\",\"contentUrl\":\"https:\/\/www.prof-wuester.de\/wp-content\/uploads\/2026\/02\/Prof-Wuester-MVZ-Mainz.webp\",\"width\":1491,\"height\":586},{\"@type\":\"BreadcrumbList\",\"@id\":\"https:\/\/www.prof-wuester.de\/en\/terms-of-use\/#breadcrumb\",\"itemListElement\":[{\"@type\":\"ListItem\",\"position\":1,\"name\":\"Startseite\",\"item\":\"https:\/\/www.prof-wuester.de\/en\/\"},{\"@type\":\"ListItem\",\"position\":2,\"name\":\"Terms of Use\"}]},{\"@type\":\"WebSite\",\"@id\":\"https:\/\/www.prof-wuester.de\/en\/#website\",\"url\":\"https:\/\/www.prof-wuester.de\/en\/\",\"name\":\"Endokrinologe f\u00fcr Mainz und Wiesbaden in der Rhein-Main Region - Praxis f\u00fcr Endokrinologie in Mainz \/ Rhein-Main\",\"description\":\"\",\"potentialAction\":[{\"@type\":\"SearchAction\",\"target\":{\"@type\":\"EntryPoint\",\"urlTemplate\":\"https:\/\/www.prof-wuester.de\/en\/?s={search_term_string}\"},\"query-input\":{\"@type\":\"PropertyValueSpecification\",\"valueRequired\":true,\"valueName\":\"search_term_string\"}}],\"inLanguage\":\"en-US\"}]}<\/script>\n<!-- \/ Yoast SEO plugin. -->","yoast_head_json":{"title":"Terms of Use - Endokrinologie Prof. W\u00fcster, MVZ Mainz","description":"Nutzungsbedingungen Website: Endokrinologie Prof. W\u00fcster, Wallstra\u00dfe 3-7, 55122 Mainz. Tel.: 06131 - 588480, Email: info@prof-wuester.de","robots":{"index":"index","follow":"follow","max-snippet":"max-snippet:-1","max-image-preview":"max-image-preview:large","max-video-preview":"max-video-preview:-1"},"canonical":"https:\/\/www.prof-wuester.de\/en\/terms-of-use\/","og_locale":"en_US","og_type":"article","og_title":"Terms of Use - Endokrinologie Prof. W\u00fcster, MVZ Mainz","og_description":"Nutzungsbedingungen Website: Endokrinologie Prof. W\u00fcster, Wallstra\u00dfe 3-7, 55122 Mainz. Tel.: 06131 - 588480, Email: info@prof-wuester.de","og_url":"https:\/\/www.prof-wuester.de\/en\/terms-of-use\/","og_site_name":"Endokrinologe f\u00fcr Mainz und Wiesbaden in der Rhein-Main Region - Praxis f\u00fcr Endokrinologie in Mainz \/ Rhein-Main","article_modified_time":"2026-02-28T08:30:52+00:00","og_image":[{"width":1491,"height":586,"url":"https:\/\/www.prof-wuester.de\/wp-content\/uploads\/2026\/02\/Prof-Wuester-MVZ-Mainz.webp","type":"image\/webp"}],"twitter_card":"summary_large_image","twitter_misc":{"Est. reading time":"4 minutes"},"schema":{"@context":"https:\/\/schema.org","@graph":[{"@type":"WebPage","@id":"https:\/\/www.prof-wuester.de\/en\/terms-of-use\/","url":"https:\/\/www.prof-wuester.de\/en\/terms-of-use\/","name":"Terms of Use - Endokrinologie Prof. W\u00fcster, MVZ Mainz","isPartOf":{"@id":"https:\/\/www.prof-wuester.de\/en\/#website"},"primaryImageOfPage":{"@id":"https:\/\/www.prof-wuester.de\/en\/terms-of-use\/#primaryimage"},"image":{"@id":"https:\/\/www.prof-wuester.de\/en\/terms-of-use\/#primaryimage"},"thumbnailUrl":"https:\/\/www.prof-wuester.de\/wp-content\/uploads\/2026\/02\/Prof-Wuester-MVZ-Mainz.webp","datePublished":"2026-02-12T10:39:16+00:00","dateModified":"2026-02-28T08:30:52+00:00","description":"Nutzungsbedingungen Website: Endokrinologie Prof. W\u00fcster, Wallstra\u00dfe 3-7, 55122 Mainz. Tel.: 06131 - 588480, Email: info@prof-wuester.de","breadcrumb":{"@id":"https:\/\/www.prof-wuester.de\/en\/terms-of-use\/#breadcrumb"},"inLanguage":"en-US","potentialAction":[{"@type":"ReadAction","target":["https:\/\/www.prof-wuester.de\/en\/terms-of-use\/"]}]},{"@type":"ImageObject","inLanguage":"en-US","@id":"https:\/\/www.prof-wuester.de\/en\/terms-of-use\/#primaryimage","url":"https:\/\/www.prof-wuester.de\/wp-content\/uploads\/2026\/02\/Prof-Wuester-MVZ-Mainz.webp","contentUrl":"https:\/\/www.prof-wuester.de\/wp-content\/uploads\/2026\/02\/Prof-Wuester-MVZ-Mainz.webp","width":1491,"height":586},{"@type":"BreadcrumbList","@id":"https:\/\/www.prof-wuester.de\/en\/terms-of-use\/#breadcrumb","itemListElement":[{"@type":"ListItem","position":1,"name":"Startseite","item":"https:\/\/www.prof-wuester.de\/en\/"},{"@type":"ListItem","position":2,"name":"Terms of Use"}]},{"@type":"WebSite","@id":"https:\/\/www.prof-wuester.de\/en\/#website","url":"https:\/\/www.prof-wuester.de\/en\/","name":"Endokrinologe f\u00fcr Mainz und Wiesbaden in der Rhein-Main Region - Praxis f\u00fcr Endokrinologie in Mainz \/ Rhein-Main","description":"","potentialAction":[{"@type":"SearchAction","target":{"@type":"EntryPoint","urlTemplate":"https:\/\/www.prof-wuester.de\/en\/?s={search_term_string}"},"query-input":{"@type":"PropertyValueSpecification","valueRequired":true,"valueName":"search_term_string"}}],"inLanguage":"en-US"}]}},"_links":{"self":[{"href":"https:\/\/www.prof-wuester.de\/en\/wp-json\/wp\/v2\/pages\/8181","targetHints":{"allow":["GET"]}}],"collection":[{"href":"https:\/\/www.prof-wuester.de\/en\/wp-json\/wp\/v2\/pages"}],"about":[{"href":"https:\/\/www.prof-wuester.de\/en\/wp-json\/wp\/v2\/types\/page"}],"author":[{"embeddable":true,"href":"https:\/\/www.prof-wuester.de\/en\/wp-json\/wp\/v2\/users\/2"}],"replies":[{"embeddable":true,"href":"https:\/\/www.prof-wuester.de\/en\/wp-json\/wp\/v2\/comments?post=8181"}],"version-history":[{"count":1,"href":"https:\/\/www.prof-wuester.de\/en\/wp-json\/wp\/v2\/pages\/8181\/revisions"}],"predecessor-version":[{"id":8183,"href":"https:\/\/www.prof-wuester.de\/en\/wp-json\/wp\/v2\/pages\/8181\/revisions\/8183"}],"wp:featuredmedia":[{"embeddable":true,"href":"https:\/\/www.prof-wuester.de\/en\/wp-json\/wp\/v2\/media\/8132"}],"wp:attachment":[{"href":"https:\/\/www.prof-wuester.de\/en\/wp-json\/wp\/v2\/media?parent=8181"}],"curies":[{"name":"wp","href":"https:\/\/api.w.org\/{rel}","templated":true}]}}