{"id":943,"date":"2020-05-10T17:20:45","date_gmt":"2020-05-10T15:20:45","guid":{"rendered":"http:\/\/wuester-redesign.dplusb.de\/behandlungsspektrum\/schilddruese\/"},"modified":"2023-10-20T09:20:19","modified_gmt":"2023-10-20T07:20:19","slug":"thyroid-gland","status":"publish","type":"page","link":"https:\/\/www.prof-wuester.de\/en\/focuses\/thyroid-gland\/","title":{"rendered":"Thyroid gland"},"content":{"rendered":"","protected":false},"excerpt":{"rendered":"","protected":false},"author":1,"featured_media":5102,"parent":919,"menu_order":6,"comment_status":"closed","ping_status":"closed","template":"page-schwerpunkt.php","meta":{"_acf_changed":false,"footnotes":""},"class_list":["post-943","page","type-page","status-publish","has-post-thumbnail","hentry"],"acf":[],"yoast_head":"<!-- This site is optimized with the Yoast SEO plugin v27.1.1 - https:\/\/yoast.com\/product\/yoast-seo-wordpress\/ -->\n<title>Thyroid gland therapy in Hormone and metabolism center W\u00fcster<\/title>\n<meta name=\"description\" content=\"All hormone analyzes and endocrinological function tests using immunometric procedures, RIA laboratory, molecular-biological examinations\" \/>\n<meta name=\"robots\" content=\"index, follow, max-snippet:-1, max-image-preview:large, max-video-preview:-1\" \/>\n<link rel=\"canonical\" href=\"https:\/\/www.prof-wuester.de\/en\/focuses\/thyroid-gland\/\" \/>\n<meta property=\"og:locale\" content=\"en_US\" \/>\n<meta property=\"og:type\" content=\"article\" \/>\n<meta property=\"og:title\" content=\"Thyroid gland therapy in Hormone and metabolism center W\u00fcster\" \/>\n<meta property=\"og:description\" content=\"All hormone analyzes and endocrinological function tests using immunometric procedures, RIA laboratory, molecular-biological examinations\" \/>\n<meta property=\"og:url\" content=\"https:\/\/www.prof-wuester.de\/en\/focuses\/thyroid-gland\/\" \/>\n<meta property=\"og:site_name\" content=\"Endokrinologe f\u00fcr Mainz und Wiesbaden in der Rhein-Main Region - Praxis f\u00fcr Endokrinologie in Mainz \/ Rhein-Main\" \/>\n<meta property=\"article:modified_time\" content=\"2023-10-20T07:20:19+00:00\" \/>\n<meta property=\"og:image\" content=\"https:\/\/www.prof-wuester.de\/wp-content\/uploads\/2022\/04\/schilddruese-hormonanalyse-endokrinologische-funktionsstests.jpg\" \/>\n\t<meta property=\"og:image:width\" content=\"2560\" \/>\n\t<meta property=\"og:image:height\" content=\"988\" \/>\n\t<meta property=\"og:image:type\" content=\"image\/jpeg\" \/>\n<meta name=\"twitter:card\" content=\"summary_large_image\" \/>\n<script type=\"application\/ld+json\" class=\"yoast-schema-graph\">{\"@context\":\"https:\/\/schema.org\",\"@graph\":[{\"@type\":\"WebPage\",\"@id\":\"https:\/\/www.prof-wuester.de\/en\/focuses\/thyroid-gland\/\",\"url\":\"https:\/\/www.prof-wuester.de\/en\/focuses\/thyroid-gland\/\",\"name\":\"Thyroid gland therapy in Hormone and metabolism center W\u00fcster\",\"isPartOf\":{\"@id\":\"https:\/\/www.prof-wuester.de\/en\/#website\"},\"primaryImageOfPage\":{\"@id\":\"https:\/\/www.prof-wuester.de\/en\/focuses\/thyroid-gland\/#primaryimage\"},\"image\":{\"@id\":\"https:\/\/www.prof-wuester.de\/en\/focuses\/thyroid-gland\/#primaryimage\"},\"thumbnailUrl\":\"https:\/\/www.prof-wuester.de\/wp-content\/uploads\/2022\/04\/schilddruese-hormonanalyse-endokrinologische-funktionsstests.jpg\",\"datePublished\":\"2020-05-10T15:20:45+00:00\",\"dateModified\":\"2023-10-20T07:20:19+00:00\",\"description\":\"All hormone analyzes and endocrinological function tests using immunometric procedures, RIA laboratory, molecular-biological examinations\",\"breadcrumb\":{\"@id\":\"https:\/\/www.prof-wuester.de\/en\/focuses\/thyroid-gland\/#breadcrumb\"},\"inLanguage\":\"en-US\",\"potentialAction\":[{\"@type\":\"ReadAction\",\"target\":[\"https:\/\/www.prof-wuester.de\/en\/focuses\/thyroid-gland\/\"]}]},{\"@type\":\"ImageObject\",\"inLanguage\":\"en-US\",\"@id\":\"https:\/\/www.prof-wuester.de\/en\/focuses\/thyroid-gland\/#primaryimage\",\"url\":\"https:\/\/www.prof-wuester.de\/wp-content\/uploads\/2022\/04\/schilddruese-hormonanalyse-endokrinologische-funktionsstests.jpg\",\"contentUrl\":\"https:\/\/www.prof-wuester.de\/wp-content\/uploads\/2022\/04\/schilddruese-hormonanalyse-endokrinologische-funktionsstests.jpg\",\"width\":2560,\"height\":988,\"caption\":\"Schilddr\u00fcsen\u00fcberfunktion Schilddr\u00fcsenunterfunktion\"},{\"@type\":\"BreadcrumbList\",\"@id\":\"https:\/\/www.prof-wuester.de\/en\/focuses\/thyroid-gland\/#breadcrumb\",\"itemListElement\":[{\"@type\":\"ListItem\",\"position\":1,\"name\":\"Startseite\",\"item\":\"https:\/\/www.prof-wuester.de\/en\/\"},{\"@type\":\"ListItem\",\"position\":2,\"name\":\"Focuses\",\"item\":\"https:\/\/www.prof-wuester.de\/en\/focuses\/\"},{\"@type\":\"ListItem\",\"position\":3,\"name\":\"Thyroid gland\"}]},{\"@type\":\"WebSite\",\"@id\":\"https:\/\/www.prof-wuester.de\/en\/#website\",\"url\":\"https:\/\/www.prof-wuester.de\/en\/\",\"name\":\"Endokrinologe f\u00fcr Mainz und Wiesbaden in der Rhein-Main Region - Praxis f\u00fcr Endokrinologie in Mainz \/ Rhein-Main\",\"description\":\"\",\"potentialAction\":[{\"@type\":\"SearchAction\",\"target\":{\"@type\":\"EntryPoint\",\"urlTemplate\":\"https:\/\/www.prof-wuester.de\/en\/?s={search_term_string}\"},\"query-input\":{\"@type\":\"PropertyValueSpecification\",\"valueRequired\":true,\"valueName\":\"search_term_string\"}}],\"inLanguage\":\"en-US\"}]}<\/script>\n<!-- \/ Yoast SEO plugin. -->","yoast_head_json":{"title":"Thyroid gland therapy in Hormone and metabolism center W\u00fcster","description":"All hormone analyzes and endocrinological function tests using immunometric procedures, RIA laboratory, molecular-biological examinations","robots":{"index":"index","follow":"follow","max-snippet":"max-snippet:-1","max-image-preview":"max-image-preview:large","max-video-preview":"max-video-preview:-1"},"canonical":"https:\/\/www.prof-wuester.de\/en\/focuses\/thyroid-gland\/","og_locale":"en_US","og_type":"article","og_title":"Thyroid gland therapy in Hormone and metabolism center W\u00fcster","og_description":"All hormone analyzes and endocrinological function tests using immunometric procedures, RIA laboratory, molecular-biological examinations","og_url":"https:\/\/www.prof-wuester.de\/en\/focuses\/thyroid-gland\/","og_site_name":"Endokrinologe f\u00fcr Mainz und Wiesbaden in der Rhein-Main Region - Praxis f\u00fcr Endokrinologie in Mainz \/ Rhein-Main","article_modified_time":"2023-10-20T07:20:19+00:00","og_image":[{"width":2560,"height":988,"url":"https:\/\/www.prof-wuester.de\/wp-content\/uploads\/2022\/04\/schilddruese-hormonanalyse-endokrinologische-funktionsstests.jpg","type":"image\/jpeg"}],"twitter_card":"summary_large_image","schema":{"@context":"https:\/\/schema.org","@graph":[{"@type":"WebPage","@id":"https:\/\/www.prof-wuester.de\/en\/focuses\/thyroid-gland\/","url":"https:\/\/www.prof-wuester.de\/en\/focuses\/thyroid-gland\/","name":"Thyroid gland therapy in Hormone and metabolism center W\u00fcster","isPartOf":{"@id":"https:\/\/www.prof-wuester.de\/en\/#website"},"primaryImageOfPage":{"@id":"https:\/\/www.prof-wuester.de\/en\/focuses\/thyroid-gland\/#primaryimage"},"image":{"@id":"https:\/\/www.prof-wuester.de\/en\/focuses\/thyroid-gland\/#primaryimage"},"thumbnailUrl":"https:\/\/www.prof-wuester.de\/wp-content\/uploads\/2022\/04\/schilddruese-hormonanalyse-endokrinologische-funktionsstests.jpg","datePublished":"2020-05-10T15:20:45+00:00","dateModified":"2023-10-20T07:20:19+00:00","description":"All hormone analyzes and endocrinological function tests using immunometric procedures, RIA laboratory, molecular-biological examinations","breadcrumb":{"@id":"https:\/\/www.prof-wuester.de\/en\/focuses\/thyroid-gland\/#breadcrumb"},"inLanguage":"en-US","potentialAction":[{"@type":"ReadAction","target":["https:\/\/www.prof-wuester.de\/en\/focuses\/thyroid-gland\/"]}]},{"@type":"ImageObject","inLanguage":"en-US","@id":"https:\/\/www.prof-wuester.de\/en\/focuses\/thyroid-gland\/#primaryimage","url":"https:\/\/www.prof-wuester.de\/wp-content\/uploads\/2022\/04\/schilddruese-hormonanalyse-endokrinologische-funktionsstests.jpg","contentUrl":"https:\/\/www.prof-wuester.de\/wp-content\/uploads\/2022\/04\/schilddruese-hormonanalyse-endokrinologische-funktionsstests.jpg","width":2560,"height":988,"caption":"Schilddr\u00fcsen\u00fcberfunktion Schilddr\u00fcsenunterfunktion"},{"@type":"BreadcrumbList","@id":"https:\/\/www.prof-wuester.de\/en\/focuses\/thyroid-gland\/#breadcrumb","itemListElement":[{"@type":"ListItem","position":1,"name":"Startseite","item":"https:\/\/www.prof-wuester.de\/en\/"},{"@type":"ListItem","position":2,"name":"Focuses","item":"https:\/\/www.prof-wuester.de\/en\/focuses\/"},{"@type":"ListItem","position":3,"name":"Thyroid gland"}]},{"@type":"WebSite","@id":"https:\/\/www.prof-wuester.de\/en\/#website","url":"https:\/\/www.prof-wuester.de\/en\/","name":"Endokrinologe f\u00fcr Mainz und Wiesbaden in der Rhein-Main Region - Praxis f\u00fcr Endokrinologie in Mainz \/ Rhein-Main","description":"","potentialAction":[{"@type":"SearchAction","target":{"@type":"EntryPoint","urlTemplate":"https:\/\/www.prof-wuester.de\/en\/?s={search_term_string}"},"query-input":{"@type":"PropertyValueSpecification","valueRequired":true,"valueName":"search_term_string"}}],"inLanguage":"en-US"}]}},"_links":{"self":[{"href":"https:\/\/www.prof-wuester.de\/en\/wp-json\/wp\/v2\/pages\/943","targetHints":{"allow":["GET"]}}],"collection":[{"href":"https:\/\/www.prof-wuester.de\/en\/wp-json\/wp\/v2\/pages"}],"about":[{"href":"https:\/\/www.prof-wuester.de\/en\/wp-json\/wp\/v2\/types\/page"}],"author":[{"embeddable":true,"href":"https:\/\/www.prof-wuester.de\/en\/wp-json\/wp\/v2\/users\/1"}],"replies":[{"embeddable":true,"href":"https:\/\/www.prof-wuester.de\/en\/wp-json\/wp\/v2\/comments?post=943"}],"version-history":[{"count":24,"href":"https:\/\/www.prof-wuester.de\/en\/wp-json\/wp\/v2\/pages\/943\/revisions"}],"predecessor-version":[{"id":7408,"href":"https:\/\/www.prof-wuester.de\/en\/wp-json\/wp\/v2\/pages\/943\/revisions\/7408"}],"up":[{"embeddable":true,"href":"https:\/\/www.prof-wuester.de\/en\/wp-json\/wp\/v2\/pages\/919"}],"wp:featuredmedia":[{"embeddable":true,"href":"https:\/\/www.prof-wuester.de\/en\/wp-json\/wp\/v2\/media\/5102"}],"wp:attachment":[{"href":"https:\/\/www.prof-wuester.de\/en\/wp-json\/wp\/v2\/media?parent=943"}],"curies":[{"name":"wp","href":"https:\/\/api.w.org\/{rel}","templated":true}]}}